{"id":14802,"date":"2017-03-23T13:14:35","date_gmt":"2017-03-23T13:14:35","guid":{"rendered":"https:\/\/adrianjamesnutrition.com\/delivery-policy\/"},"modified":"2017-04-06T22:08:22","modified_gmt":"2017-04-06T22:08:22","slug":"lieferbedingungen","status":"publish","type":"page","link":"https:\/\/adrianjamesnutrition.com\/de\/lieferbedingungen\/","title":{"rendered":"Delivery Policy"},"content":{"rendered":"<h2>Verstandoptionen<\/h2>\n<p>Die Preise f\u00fcr unsere Versandoptionen wurden kosteng\u00fcnstig gestaltet, damit du Adrian James Nutrition Produkte f\u00fcr weniger Geld genie\u00dfen kannst. Unser Ziel ist es deine Bestellung schnell und effizient zu liefern, damit du so schnell wie m\u00f6glich anfangen kannst das Produkt zu genie\u00dfen. Wir haben uns daf\u00fcr mir ausgew\u00e4hlten Lieferdiensten zusammengeschlossen, die f\u00fcrihre hohe Lieferqualit\u00e4t bekannt sind. <\/p>\n<p>Alle Lieferungen nach Europa kosten nur 4,99\u20ac, auch bei Bestellungen die aus mehreren Produkten bestehen. Lieferungen in den Rest der Welt kosten 12,99\u20ac. <\/p>\n<p>Bestellungen, die montags bis freitags vor 14 Uhr eingehen (ausgenommen gesetzliche Feiertage im Vereinigten K\u00f6nigreich), werden noch am selben Tag versandt. Bestellungen, die nach 14 Uhr eingehen werden am darauf folgenden Werktag versandt. Unsere Kuriere liefern an Adressen innerhalb des Vereinigten K\u00f6nigreichs von Montag bis Samstag zwischen 8 \u2013 17 Uhr.<\/p>\n<p>Bitte lies unsere R\u00fcckgaberichtlinien f\u00fcr Informationen zur R\u00fcckgabe unserer Produkte.<\/p>\n<h2>Europ\u00e4ische Lieferung<\/h2>\n<p>Wir liefern in die folgenden europ\u00e4ischen L\u00e4nder f\u00fcr nur 4,99\u20ac: Belgien, D\u00e4nemark, Deutschland, Frankreich, Irland, Luxemburg, Niederlande, \u00d6sterreich, Polen, Tschechische Republik und Ungarn. <\/p>\n<p>Wenn du in einem Land lebst, welches nicht in der oben genannten Liste erw\u00e4hnt wird, schreibe uns bitte eine E-Mail an <a href=\"mailto:contact@adrianjamesnutrition.com\">contact@adrianjamesnutrition.com<\/a> und wir werden versuchen dir einen Preis f\u00fcr die Lieferung zu nennen.<\/p>\n","protected":false},"excerpt":{"rendered":"<p>Verstandoptionen Die Preise f\u00fcr unsere Versandoptionen wurden kosteng\u00fcnstig gestaltet, damit du Adrian James Nutrition Produkte f\u00fcr weniger Geld genie\u00dfen kannst.<\/p>\n","protected":false},"author":3,"featured_media":0,"parent":0,"menu_order":0,"comment_status":"closed","ping_status":"closed","template":"","meta":{"footnotes":""},"class_list":["post-14802","page","type-page","status-publish","hentry"],"yoast_head":"<!-- This site is optimized with the Yoast SEO plugin v23.0 - https:\/\/yoast.com\/wordpress\/plugins\/seo\/ -->\n<title>Delivery Policy - Adrian James Nutrition<\/title>\n<meta name=\"robots\" content=\"index, follow, max-snippet:-1, max-image-preview:large, max-video-preview:-1\" \/>\n<link rel=\"canonical\" href=\"https:\/\/adrianjamesnutrition.com\/de\/lieferbedingungen\/\" \/>\n<meta property=\"og:locale\" content=\"de_DE\" \/>\n<meta property=\"og:type\" content=\"article\" \/>\n<meta property=\"og:title\" content=\"Delivery Policy - Adrian James Nutrition\" \/>\n<meta property=\"og:description\" content=\"Verstandoptionen Die Preise f\u00fcr unsere Versandoptionen wurden kosteng\u00fcnstig gestaltet, damit du Adrian James Nutrition Produkte f\u00fcr weniger Geld genie\u00dfen kannst.\" \/>\n<meta property=\"og:url\" content=\"https:\/\/adrianjamesnutrition.com\/de\/lieferbedingungen\/\" \/>\n<meta property=\"og:site_name\" content=\"Adrian James Nutrition\" \/>\n<meta property=\"article:modified_time\" content=\"2017-04-06T22:08:22+00:00\" \/>\n<meta name=\"twitter:card\" content=\"summary_large_image\" \/>\n<meta name=\"twitter:label1\" content=\"Gesch\u00e4tzte Lesezeit\" \/>\n\t<meta name=\"twitter:data1\" content=\"1\u00a0Minute\" \/>\n<script type=\"application\/ld+json\" class=\"yoast-schema-graph\">{\"@context\":\"https:\/\/schema.org\",\"@graph\":[{\"@type\":\"WebPage\",\"@id\":\"https:\/\/adrianjamesnutrition.com\/de\/lieferbedingungen\/\",\"url\":\"https:\/\/adrianjamesnutrition.com\/de\/lieferbedingungen\/\",\"name\":\"Delivery Policy - Adrian James Nutrition\",\"isPartOf\":{\"@id\":\"https:\/\/adrianjamesnutrition.com\/de\/#website\"},\"datePublished\":\"2017-03-23T13:14:35+00:00\",\"dateModified\":\"2017-04-06T22:08:22+00:00\",\"breadcrumb\":{\"@id\":\"https:\/\/adrianjamesnutrition.com\/de\/lieferbedingungen\/#breadcrumb\"},\"inLanguage\":\"de\",\"potentialAction\":[{\"@type\":\"ReadAction\",\"target\":[\"https:\/\/adrianjamesnutrition.com\/de\/lieferbedingungen\/\"]}]},{\"@type\":\"BreadcrumbList\",\"@id\":\"https:\/\/adrianjamesnutrition.com\/de\/lieferbedingungen\/#breadcrumb\",\"itemListElement\":[{\"@type\":\"ListItem\",\"position\":1,\"name\":\"Home\",\"item\":\"https:\/\/adrianjamesnutrition.com\/de\/\"},{\"@type\":\"ListItem\",\"position\":2,\"name\":\"Delivery Policy\"}]},{\"@type\":\"WebSite\",\"@id\":\"https:\/\/adrianjamesnutrition.com\/de\/#website\",\"url\":\"https:\/\/adrianjamesnutrition.com\/de\/\",\"name\":\"Adrian James Nutrition\",\"description\":\"\",\"potentialAction\":[{\"@type\":\"SearchAction\",\"target\":{\"@type\":\"EntryPoint\",\"urlTemplate\":\"https:\/\/adrianjamesnutrition.com\/de\/?s={search_term_string}\"},\"query-input\":\"required name=search_term_string\"}],\"inLanguage\":\"de\"}]}<\/script>\n<!-- \/ Yoast SEO plugin. -->","yoast_head_json":{"title":"Delivery Policy - Adrian James Nutrition","robots":{"index":"index","follow":"follow","max-snippet":"max-snippet:-1","max-image-preview":"max-image-preview:large","max-video-preview":"max-video-preview:-1"},"canonical":"https:\/\/adrianjamesnutrition.com\/de\/lieferbedingungen\/","og_locale":"de_DE","og_type":"article","og_title":"Delivery Policy - Adrian James Nutrition","og_description":"Verstandoptionen Die Preise f\u00fcr unsere Versandoptionen wurden kosteng\u00fcnstig gestaltet, damit du Adrian James Nutrition Produkte f\u00fcr weniger Geld genie\u00dfen kannst.","og_url":"https:\/\/adrianjamesnutrition.com\/de\/lieferbedingungen\/","og_site_name":"Adrian James Nutrition","article_modified_time":"2017-04-06T22:08:22+00:00","twitter_card":"summary_large_image","twitter_misc":{"Gesch\u00e4tzte Lesezeit":"1\u00a0Minute"},"schema":{"@context":"https:\/\/schema.org","@graph":[{"@type":"WebPage","@id":"https:\/\/adrianjamesnutrition.com\/de\/lieferbedingungen\/","url":"https:\/\/adrianjamesnutrition.com\/de\/lieferbedingungen\/","name":"Delivery Policy - Adrian James Nutrition","isPartOf":{"@id":"https:\/\/adrianjamesnutrition.com\/de\/#website"},"datePublished":"2017-03-23T13:14:35+00:00","dateModified":"2017-04-06T22:08:22+00:00","breadcrumb":{"@id":"https:\/\/adrianjamesnutrition.com\/de\/lieferbedingungen\/#breadcrumb"},"inLanguage":"de","potentialAction":[{"@type":"ReadAction","target":["https:\/\/adrianjamesnutrition.com\/de\/lieferbedingungen\/"]}]},{"@type":"BreadcrumbList","@id":"https:\/\/adrianjamesnutrition.com\/de\/lieferbedingungen\/#breadcrumb","itemListElement":[{"@type":"ListItem","position":1,"name":"Home","item":"https:\/\/adrianjamesnutrition.com\/de\/"},{"@type":"ListItem","position":2,"name":"Delivery Policy"}]},{"@type":"WebSite","@id":"https:\/\/adrianjamesnutrition.com\/de\/#website","url":"https:\/\/adrianjamesnutrition.com\/de\/","name":"Adrian James Nutrition","description":"","potentialAction":[{"@type":"SearchAction","target":{"@type":"EntryPoint","urlTemplate":"https:\/\/adrianjamesnutrition.com\/de\/?s={search_term_string}"},"query-input":"required name=search_term_string"}],"inLanguage":"de"}]}},"_links":{"self":[{"href":"https:\/\/adrianjamesnutrition.com\/de\/wp-json\/wp\/v2\/pages\/14802"}],"collection":[{"href":"https:\/\/adrianjamesnutrition.com\/de\/wp-json\/wp\/v2\/pages"}],"about":[{"href":"https:\/\/adrianjamesnutrition.com\/de\/wp-json\/wp\/v2\/types\/page"}],"author":[{"embeddable":true,"href":"https:\/\/adrianjamesnutrition.com\/de\/wp-json\/wp\/v2\/users\/3"}],"replies":[{"embeddable":true,"href":"https:\/\/adrianjamesnutrition.com\/de\/wp-json\/wp\/v2\/comments?post=14802"}],"version-history":[{"count":0,"href":"https:\/\/adrianjamesnutrition.com\/de\/wp-json\/wp\/v2\/pages\/14802\/revisions"}],"wp:attachment":[{"href":"https:\/\/adrianjamesnutrition.com\/de\/wp-json\/wp\/v2\/media?parent=14802"}],"curies":[{"name":"wp","href":"https:\/\/api.w.org\/{rel}","templated":true}]}}