{"id":14800,"date":"2017-03-23T13:12:49","date_gmt":"2017-03-23T13:12:49","guid":{"rendered":"https:\/\/adrianjamesnutrition.com\/terms-and-conditions\/"},"modified":"2019-09-09T12:17:00","modified_gmt":"2019-09-09T12:17:00","slug":"agb","status":"publish","type":"page","link":"https:\/\/adrianjamesnutrition.com\/de\/agb\/","title":{"rendered":"Terms and Conditions"},"content":{"rendered":"<div class=\"wpb-content-wrapper\"><p>[vc_row][vc_column][vc_column_text]<\/p>\n<h2>Allgemeine Nutzungs- und Gesch\u00e4ftsbedingungen<\/h2>\n<p>Die folgenden allgemeinen Nutzungs- und Gesch\u00e4ftsbedingungen beschreiben ausf\u00fchrlich die durch den Kunden m\u00f6gliche Nutzung der Adrian James Nutrition Webseite, sowie alle Rechte, Pflichten und Absicherungen, die Ihnen als Kunde zustehen. Sollten Sie die Adrian James Nutrition Webseite auch weiterhin nutzen, so wird dies als Zeichen Ihrer Zustimmung zu diesen Nutzungs- und Gesch\u00e4ftsbedingungen gesehen. Sollten Sie diesen Nutzungs- und Gesch\u00e4ftsbedingungen nicht zustimmen, so k\u00f6nnen wir Sie leider nicht mehr als unseren Kunden betreuen.<\/p>\n<p>Die eingetragene Firmenadresse der Adrian James Nutrition Ltd ist: 31 Dashwood Avenue, High Wycombe, England, HP12 3DZ und die eingetragene Handelsregisternummer ist: 07710650. Sie k\u00f6nnen die Firma via E-Mail an <a href=\"mailto:contact@adrianjamesnutrition.com\">contact@adrianjamesnutrition.com<\/a> erreichen.<\/p>\n<p><strong>Nutzung<\/strong><\/p>\n<p>Die Adrian James Nutrition Webseite steht Ihnen kostenlos gem\u00e4\u00df der hier aufgef\u00fchrten Nutzungs- und Gesch\u00e4ftsbedingungen zur privaten Nutzung zur Verf\u00fcgung. Die Adrian James Nutrition Webseite bietet einen Onlineshop inklusive verschiedener zus\u00e4tzlicher Angebote, wie z.B. einem Blog, Ern\u00e4hrungsplan und weiteren Angeboten.<\/p>\n<p><strong>Geistiges Eigentum<\/strong><\/p>\n<p>S\u00e4mtliche Inhalte der Adrian James Nutrition Webseite sind sowohl urheberrechtlich, als auch markenrechtlich gesch\u00fctzt. Die Nutzung f\u00fcr gewerbliche Zwecke ist untersagt.<\/p>\n<p><strong>Ab\u00e4nderungen<\/strong><\/p>\n<p>Sofern \u00c4nderungen an den auf dieser Seite ver\u00f6ffentlichten Nutzungs- und Gesch\u00e4ftsbedingungen erfolgen, werden wir Sie \u00fcber diese \u00c4nderungen zeitnah per E-Mail und\/oder entsprechender Mitteilung auf unserer Webseite hinweisen. Sollten Sie die Adrian James Nutrition Webseite auch nach in Kraft treten der \u00c4nderungen weiternutzen, so nehmen wir an, dass Sie den \u00c4nderungen zugestimmt haben und sich mit diesen einverstanden erkl\u00e4ren.<\/p>\n<p><strong>Registrierung<\/strong><\/p>\n<p>Sie m\u00fcssen mindestens 16 Jahre alt sein, um sich als Nutzer bei Adrian James Nutrition zu registrieren und um Produkte aus dem Onlineshop erwerben zu k\u00f6nnen. Mit Ihrer Anmeldung als Nutzer gehen Sie einen bindenden Vertrag ein und versichern, dass Sie sich weder als eine andere Person ausgeben, noch versuchen, die Identit\u00e4t einer anderen Person zu benutzen.<\/p>\n<p><strong>Ihre Daten<\/strong><\/p>\n<p>Die Daten, die Sie uns mitteilen, werden genutzt, um Ihre Bestellungen bei Adrian James Nutrition zu bearbeiten. Falls n\u00f6tig, werden wir Ihre Daten an Dritte weiterleiten, z.B. werden wir Ihre Adresse an den Kurierdienst weiterleiten. Allerdings werden wir Ihre Daten nur dann weitergeben, wenn dies n\u00f6tig ist, um die von Ihnen als Kunde geforderten Leistungen zu erf\u00fcllen. Ferner kann es sein, dass Ihre Daten f\u00fcr Marktforschungszwecke durch Adrian James Nutrition genutzt werden. Im Rahmen der Marktforschung werden Ihre Daten nicht an Dritte weitergegeben.<\/p>\n<p><strong>Datenschutz<\/strong><\/p>\n<p>Die pers\u00f6nlichen Daten, welche Sie an uns \u00fcbermittelt haben, werden von uns gel\u00f6scht, sobald sie nicht mehr ben\u00f6tigt werden. Wir werden Ihre Daten nur dann an Dritte weitergeben, wenn dies n\u00f6tig sein sollte, um unsere Pflichten Ihnen gegen\u00fcber als Kunde zu erf\u00fcllen, z.B. zur Auslieferung von Wareng\u00fctern.<\/p>\n<p><strong>Verf\u00fcgbarkeit der Webseite<\/strong><\/p>\n<p>Wir bem\u00fchen uns zwar, die Onlinepr\u00e4senz der Webseite von Adrian James Nutrition konstant aufrechtzuerhalten, allerdings k\u00f6nnen wir Ihnen nicht versprechen, dass die Webseite immer online zur Verf\u00fcgung stehen wird. oder dass alle Seiten immer wie geplant verf\u00fcgbar sein werden. Sollte Sie Probleme beim Zugriff auf die Webseite haben, so setzen Sie sich bitte mit uns in Verbindung und teilen Sie uns bitte mit, welche Probleme auftreten.<\/p>\n<p><strong>Haftung<\/strong><\/p>\n<p>Wir k\u00f6nnen nicht garantieren, dass alle Inhalte unserer Seite stets richtig und aktuell sind, obwohl wir uns im Rahmen unserer M\u00f6glichkeiten darum bem\u00fchen. F\u00fcr etwaige Ungenauigkeiten auf den Webseiten oder bei Produktbeschreibungen auf unserer Webseite \u00fcbernehmen wir keine Haftung. Sollten wir allerdings auf solche Fehler hingewiesen werden, werden wir nat\u00fcrlich zeitnah Ma\u00dfnahmen ergreifen, um diese Fehler zu beheben. Alle Preise, welche auf unserer Webseite angegeben sind, sind einschlie\u00dflich MwSt. und wir bem\u00fchen uns, stets aktuelle Preise anzugeben. Sobald wir eine falsche Preisangabe auf unserer Webseite finden, werden wir diese sobald als m\u00f6glich korrigieren.<\/p>\n<p>Bitte beachten Sie, dass wir nicht daf\u00fcr verantwortlich sind, wenn es darum geht, ob unsere Webseite mit Ihrem Endger\u00e4t kompatibel ist. Ferner sind wir auch nicht f\u00fcr technische Probleme, welche eventuell auftreten k\u00f6nnen, verantwortlich. Dazu z\u00e4hlen z.B. Verbindungsunterbrechungen. Auch sind wir nicht f\u00fcr die Inhalte von Drittanbieterwebseiten, die Sie vielleicht \u00fcber unsere Webseite aufgerufen haben, oder f\u00fcr den auf diesen Webseiten bereitgestellten Inhalt verantwortlich.<\/p>\n<p><strong>Ihre Sicherheit<\/strong><\/p>\n<p>Wenn Sie sich bei Adrian James Nutrition registrieren, werden Sie aufgefordert, ein sicheres Passwort auszuw\u00e4hlen. Dieses Passwort ben\u00f6tigen Sie jedes Mal, wenn Sie sich auf der Webseite einloggen m\u00f6chten. Sie sollten niemandem Ihr pers\u00f6nliches Passwort verraten oder jemand anderem erlauben, sich mit Ihrem Konto einzuloggen. Sie alleine sind f\u00fcr alle Aktivit\u00e4ten, die mittels Ihres Benutzernamens und Ihres Passwortes auf unserer Seite erfolgen, verantwortlich. Dies schlie\u00dft auch alle get\u00e4tigten Bestellungen mit ein.<\/p>\n<p>Sollten wir zu der Annahme gelangen, dass Ihr Konto gehackt wurde, so werden wir Sie bitten, Ihr Passwort zu \u00e4ndern. Ebenfalls k\u00f6nnten wir uns gezwungen sehen, Ihr Konto vor\u00fcbergehend zu deaktivieren. Adrian James Nutrition beh\u00e4lt sich jedes Recht vor, ein Konto jederzeit aufzul\u00f6sen oder zu deaktivieren, wenn die Nutzungs- und Gesch\u00e4ftsbedingungen, die auf diesen Seiten erl\u00e4utert werden, verletzt wurden.<\/p>\n<p><strong>Ihre Bestellungen<\/strong><\/p>\n<p>Wir bem\u00fchen uns stets, Ihre pers\u00f6nlichen Daten und Ihre Sicherheit so vertraulich wie nur m\u00f6glich zu behandeln und werden daher auch geeignete Ma\u00dfnahmen ergreifen, um unberechtigten Zugriff auf unsere Webseite zu verhindern. Bitte beachten Sie allerdings, dass wir nicht f\u00fcr unautorisierten Zugriff auf Ihre pers\u00f6nlichen Daten durch Dritte verantwortlich gemacht werden k\u00f6nnen. Sie sind dazu berechtigt, jede Bestellung, die Sie \u00fcber die Adrian James Nutrition Webseite t\u00e4tigen, zu stornieren und die bestellte Ware innerhalb von 14 Tagen zur\u00fcckzusenden. Wenn Sie eine bei uns aufgegebene Bestellung stornieren m\u00f6chten, dann lesen Sie hierzu bitte die R\u00fccknahmebedingungen; dort erhalten Sie weitere Informationen dar\u00fcber, wie Sie bestellte Ware zur\u00fccksenden k\u00f6nnen.<\/p>\n<p>Sobald Sie unsere Webseite nutzen wird ein elektronischer Vertrag erstellt. Dieser Vertrag wird wirksam, sobald Sie w\u00e4hrend des Bestellvorgangs auf \u201eAbschicken\u201c (\u201eSubmit\u201c) klicken. Im Anschluss daran erhalten Sie eine E-Mail, mit der wir Ihre Bestellung best\u00e4tigen. Sollten Sie in dieser E-Mail auf einen Fehler hingewiesen werden, so kontaktieren Sie bitten unseren Kundendienst, um dies zu kl\u00e4ren. Sie erhalten eine erneute Benachrichtigung per E-Mail, sobald Ihre Bestellung versandt wurde. Mit dem Versand Ihrer Bestellung wird auch Ihre Auftragsbest\u00e4tigung rechtskr\u00e4ftig.<\/p>\n<p>Es kann vorkommen, dass wir unter gegebenen Umst\u00e4nden nicht in der Lage sind, Ihre Bestellung abzuwickeln. Diese Umst\u00e4nde umfassen unter anderem, aber nicht ausschlie\u00dflich, folgende Situationen: ein Artikel ist momentan nicht vorr\u00e4tig, die Zahlung kann mit den von Ihnen gemachten Angaben nicht abgewickelt werden, ein Fehler bei der Produktpreisangabe oder Sie sind nicht dazu berechtigt, Produkte von Adrian James Nutrition gem\u00e4\u00df unserer Nutzungs- und Gesch\u00e4ftsbedingungen zu erwerben.<\/p>\n<p><strong>Gutscheincodes<\/strong><\/p>\n<p>Von Adrian James Nutrition ausgestellte Gutscheine erm\u00f6glichen es Ihnen, einen Rabatt in festgelegter Prozenth\u00f6he auf Ihren n\u00e4chsten Einkauf oder ein anderes, \u00e4hnliches Angebot, wie z.B. Gratisversand, zu bekommen Um den Rabatt oder ein anderes Angebot, welches in der Werbeaktion, die zu dem jeweiligen Gutschein geh\u00f6rt, beschrieben wurde, nutzen zu k\u00f6nnen, m\u00fcssen Sie den Gutscheincode beim Bestellvorgang eingeben. Es kann maximal ein Gutscheincode pro Haushalt und pro Kunde eingel\u00f6st werden. Jeder Gutscheincode kann nur einmal verwendet werden.<\/p>\n<p>Kunden k\u00f6nnen w\u00e4hrend einer einzigen Bestellung nicht mehrere Gutscheincodes eingeben. Ferner k\u00f6nnen Kunden auch nicht mehrere Kundenkonten er\u00f6ffnen, um Gutscheincodes mehr als einmal einzul\u00f6sen. Adrian James Nutrition beh\u00e4lt sich das Recht vor, Bestellungen zu stornieren, wenn wir herausfinden, dass die Bestellung nicht gem\u00e4\u00df den geltenden Vorschriften f\u00fcr unsere Gutscheincodes erfolgt ist. Die Gutscheincodes bleiben Eigentum von Adrian James Nutrition und sind nicht \u00fcbertragbar. Eine Barauszahlung ist nicht m\u00f6glich. Wir behalten uns das Recht vor, Gutscheincodes jeder Zeit zu stornieren, anzupassen oder zu beschr\u00e4nken.<\/p>\n<p><strong>Werbe- und Sonderangebote<\/strong><\/p>\n<p>Sollten Sie ein Produkt, das im Rahmen eines Angebots erworben wurde, zur\u00fcckgeben, dann wird Ihnen der Produktwert, der galt, als Sie die Bestellung aufgaben, abz\u00fcglich der Gutschein- und Rabattcodes, die Sie genutzt haben, gutgeschrieben. Produkte, die im Rahmen eines Komplettangebots bestellt wurden, m\u00fcssen vollst\u00e4ndig zur\u00fcckgegeben werden. Einzelne Produkte k\u00f6nnen nicht zur\u00fcckgegeben werden und auch nicht einzeln r\u00fcckerstattet werden.<\/p>\n<p><strong>Kommunikation<\/strong><\/p>\n<p>Von Rechts wegen m\u00fcssen wir manche Informationen und Mitteilungen, die wir Ihnen zusenden, schriftlich verfassen. Um diese gesetzlichen Auflagen zu erf\u00fcllen, werden wir Sie entweder per E-Mail kontaktieren oder eine entsprechende Mitteilung auf unserer Webseite ver\u00f6ffentlichen. Wenn Sie unsere Webseite nutzen, stimmen Sie zu, dass wir Sie diesbez\u00fcglich auf elektronischem Wege kontaktieren d\u00fcrfen und ferner best\u00e4tigen Sie damit, dass alle Mitteilungsformen, die Sie von uns erhalten, gem\u00e4\u00df diesen gesetzlichen Bestimmungen zur schriftlichen Kommunikation mit Ihnen erfolgt. Diese Klausel betrifft nicht Ihr gesetzlich vorgeschriebenen Rechte.<\/p>\n<p><strong>Ihre Gesundheit<\/strong><\/p>\n<p>Die Produkte von Adrian James Nutrition wurden entwickelt, um einen gesunden Lebensstil zu f\u00f6rdern. Nahrungserg\u00e4nzungsmittel sollten Bestandteil einer gesunden und ausgeglichenen Ern\u00e4hrung sein und sollten keinesfalls als Lebensmittelersatz dienen. Sollten Sie in irgendeiner Weise negativ auf eines unserer Produkte reagieren, so beenden Sie die Einnahme bitte sofort und suchen Sie Ihren Arzt auf.<\/p>\n<p><strong>Lieferung<\/strong><\/p>\n<p>Sobald Sie eine Bestellung bei Adrian James Nutrition aufgeben, wird Ihnen ein Lieferzeitpunkt genannt. Dieser Lieferzeitpunkt h\u00e4ngt von der Adresse, die Sie eingegeben haben, ab. Wenn Sie versehentlich einen Fehler bei der Eingabe Ihrer Adresse gemacht haben, so ist es uns leider nicht m\u00f6glich, diesen f\u00fcr die betroffene Bestellung zu korrigieren. Sie k\u00f6nnen sich allerdings \u00fcber Ihr Konto einloggen und die Adresse f\u00fcr zuk\u00fcnftige Bestellungen korrigieren. Falls wir bestimmte Dinge bei der Lieferung an Ihre Adresse beachten m\u00fcssen, so geben Sie diese bitte direkt bei der Bestellung mit an.<\/p>\n<p>Falls ein von Ihnen bestelltes Produkt nicht vorr\u00e4tig sein sollte, so behalten wir uns das Recht, die Bestellung ohne das fehlende Produkt zu versenden vor. Das fehlende Produkt wird dann sp\u00e4ter, wenn es wieder vorr\u00e4tig ist, nachgeliefert. Alternativ kann das Produkt durch ein \u00e4hnliches Produkt, welches vorr\u00e4tig ist, ersetzt werden. Sollte dies der Fall sein, so werden wir Sie dar\u00fcber informieren und nat\u00fcrlich steht es Ihnen zu, diese Option abzulehnen. Setzen Sie sich bitte umgehend mit uns in Verbindung, falls eine von Ihnen get\u00e4tigte Bestellung unvollst\u00e4ndig, besch\u00e4digt oder qualitativ minderwertig sein sollte. Falls Sie uns beauftragt haben, die bestellte Ware im Freien oder an einem anderen Ort abzulegen, so k\u00f6nnen wir nicht f\u00fcr fehlende Artikel verantwortlich gemacht werden. Der Kunde ist daf\u00fcr verantwortlich, jemanden abzustellen, der die Ware am Liefertag annehmen kann. Sie sind verpflichtet, einen erneuten Liefertermin an einem anderen Tag zu vereinbaren, falls niemand bereit ist, die Ware bei Anlieferung abzunehmen.<\/p>\n<p>Falls Sie die Lieferung zu diesem Zeitpunkt nicht annehmen, so wird Ihre Bestellung an uns zur\u00fcckgesendet. In diesem Fall werden wir Sie kontaktieren und Ihnen die M\u00f6glichkeit einr\u00e4umen, einen neuen Liefertermin zu vereinbaren. Die Kosten f\u00fcr die erneute Auslieferung sind vom Kunden zu tragen. Falls wir Sie innerhalb von 14 Tagen nicht erreichen k\u00f6nnen, werden wir Ihnen die Kosten f\u00fcr Ihre Bestellung abz\u00fcglich der Versandkosten r\u00fcckerstatten.<\/p>\n<p><strong>Besch\u00e4digte Ware<\/strong><\/p>\n<p>Wir sind \u00fcberzeugt, dass alle Produkte, die \u00fcber unsere Webseite verkauft werden, qualitativ hochwertig sind und dass die Nahrungserg\u00e4nzungsmittel gem\u00e4\u00df den Dosierungsanweisungen, die auf der Verpackung vermerkt sind, zum Verzehr geeignet sind. Sollten Sie jedoch aus irgendeinem Grund Ware von uns erhalten, die bereits besch\u00e4digt ist, so nehmen Sie bitte unverz\u00fcglich Kontakt mit uns auf. Wir werden dann entweder eine vollst\u00e4ndige R\u00fcckerstattung des Kaufpreises oder die Lieferung eines neuen Produktes in die Wege leiten. Nat\u00fcrlich werden dadurch Ihr gesetzlich verankerten Rechte nicht beeinflusst.<\/p>\n<p><strong>F\u00e4lle h\u00f6herer Gewalt (F\u00e4lle, die au\u00dferhalb unseres Einflussbereiches liegen)<\/strong><\/p>\n<p>Adrian James Nutrition haftet nicht f\u00fcr Sch\u00e4den, die durch h\u00f6here Gewalt entstehen. Dazu geh\u00f6ren F\u00e4lle, die sich unserer Kontrolle entziehen; insbesondere, aber nicht nur: Feuer, Sturm, Flut und andere Naturkatastrophen oder F\u00e4lle h\u00f6herer Gewalt, Nichtverf\u00fcgbarkeit einer Internetverbindung oder Nichtverf\u00fcgbarkeit von Telekommunikationsnetzwerken, Einschr\u00e4nkungen durch die Regierung und Nichtverf\u00fcgbarkeit von \u00f6ffentlichen oder privaten Transportmitteln.<\/p>\n<p><strong>\u00dcbereinkommen<\/strong><\/p>\n<p>Die auf diesen Seiten festgelegten Nutzungs- und Gesch\u00e4ftsbedingungen gelten gem\u00e4\u00df dem englischen Recht und werden bei Bedarf vor einem englischen Gericht verhandelt. Die Nutzungs- und Gesch\u00e4ftsbedingungen, die hier erl\u00e4utert wurden, gelten als Vertrag zwischen Ihnen und uns und bilden die Grundlage unserer Gesch\u00e4ftsbeziehungen.[\/vc_column_text][\/vc_column][\/vc_row]<\/p>\n<\/div>","protected":false},"excerpt":{"rendered":"<p>[vc_row][vc_column][vc_column_text] Allgemeine Nutzungs- und Gesch\u00e4ftsbedingungen Die folgenden allgemeinen Nutzungs- und Gesch\u00e4ftsbedingungen beschreiben ausf\u00fchrlich die durch den Kunden m\u00f6gliche Nutzung der<\/p>\n","protected":false},"author":3,"featured_media":0,"parent":0,"menu_order":0,"comment_status":"closed","ping_status":"closed","template":"","meta":{"footnotes":""},"class_list":["post-14800","page","type-page","status-publish","hentry"],"yoast_head":"<!-- This site is optimized with the Yoast SEO plugin v23.0 - https:\/\/yoast.com\/wordpress\/plugins\/seo\/ -->\n<title>Terms and Conditions - Adrian James Nutrition<\/title>\n<meta name=\"robots\" content=\"index, follow, max-snippet:-1, max-image-preview:large, max-video-preview:-1\" \/>\n<link rel=\"canonical\" href=\"https:\/\/adrianjamesnutrition.com\/de\/agb\/\" \/>\n<meta property=\"og:locale\" content=\"de_DE\" \/>\n<meta property=\"og:type\" content=\"article\" \/>\n<meta property=\"og:title\" content=\"Terms and Conditions - Adrian James Nutrition\" \/>\n<meta property=\"og:description\" content=\"[vc_row][vc_column][vc_column_text] Allgemeine Nutzungs- und Gesch\u00e4ftsbedingungen Die folgenden allgemeinen Nutzungs- und Gesch\u00e4ftsbedingungen beschreiben ausf\u00fchrlich die durch den Kunden m\u00f6gliche Nutzung der\" \/>\n<meta property=\"og:url\" content=\"https:\/\/adrianjamesnutrition.com\/de\/agb\/\" \/>\n<meta property=\"og:site_name\" content=\"Adrian James Nutrition\" \/>\n<meta property=\"article:modified_time\" content=\"2019-09-09T12:17:00+00:00\" \/>\n<meta name=\"twitter:card\" content=\"summary_large_image\" \/>\n<meta name=\"twitter:label1\" content=\"Gesch\u00e4tzte Lesezeit\" \/>\n\t<meta name=\"twitter:data1\" content=\"10\u00a0Minuten\" \/>\n<script type=\"application\/ld+json\" class=\"yoast-schema-graph\">{\"@context\":\"https:\/\/schema.org\",\"@graph\":[{\"@type\":\"WebPage\",\"@id\":\"https:\/\/adrianjamesnutrition.com\/de\/agb\/\",\"url\":\"https:\/\/adrianjamesnutrition.com\/de\/agb\/\",\"name\":\"Terms and Conditions - Adrian James Nutrition\",\"isPartOf\":{\"@id\":\"https:\/\/adrianjamesnutrition.com\/de\/#website\"},\"datePublished\":\"2017-03-23T13:12:49+00:00\",\"dateModified\":\"2019-09-09T12:17:00+00:00\",\"breadcrumb\":{\"@id\":\"https:\/\/adrianjamesnutrition.com\/de\/agb\/#breadcrumb\"},\"inLanguage\":\"de\",\"potentialAction\":[{\"@type\":\"ReadAction\",\"target\":[\"https:\/\/adrianjamesnutrition.com\/de\/agb\/\"]}]},{\"@type\":\"BreadcrumbList\",\"@id\":\"https:\/\/adrianjamesnutrition.com\/de\/agb\/#breadcrumb\",\"itemListElement\":[{\"@type\":\"ListItem\",\"position\":1,\"name\":\"Home\",\"item\":\"https:\/\/adrianjamesnutrition.com\/de\/\"},{\"@type\":\"ListItem\",\"position\":2,\"name\":\"Terms and Conditions\"}]},{\"@type\":\"WebSite\",\"@id\":\"https:\/\/adrianjamesnutrition.com\/de\/#website\",\"url\":\"https:\/\/adrianjamesnutrition.com\/de\/\",\"name\":\"Adrian James Nutrition\",\"description\":\"\",\"potentialAction\":[{\"@type\":\"SearchAction\",\"target\":{\"@type\":\"EntryPoint\",\"urlTemplate\":\"https:\/\/adrianjamesnutrition.com\/de\/?s={search_term_string}\"},\"query-input\":\"required name=search_term_string\"}],\"inLanguage\":\"de\"}]}<\/script>\n<!-- \/ Yoast SEO plugin. -->","yoast_head_json":{"title":"Terms and Conditions - Adrian James Nutrition","robots":{"index":"index","follow":"follow","max-snippet":"max-snippet:-1","max-image-preview":"max-image-preview:large","max-video-preview":"max-video-preview:-1"},"canonical":"https:\/\/adrianjamesnutrition.com\/de\/agb\/","og_locale":"de_DE","og_type":"article","og_title":"Terms and Conditions - Adrian James Nutrition","og_description":"[vc_row][vc_column][vc_column_text] Allgemeine Nutzungs- und Gesch\u00e4ftsbedingungen Die folgenden allgemeinen Nutzungs- und Gesch\u00e4ftsbedingungen beschreiben ausf\u00fchrlich die durch den Kunden m\u00f6gliche Nutzung der","og_url":"https:\/\/adrianjamesnutrition.com\/de\/agb\/","og_site_name":"Adrian James Nutrition","article_modified_time":"2019-09-09T12:17:00+00:00","twitter_card":"summary_large_image","twitter_misc":{"Gesch\u00e4tzte Lesezeit":"10\u00a0Minuten"},"schema":{"@context":"https:\/\/schema.org","@graph":[{"@type":"WebPage","@id":"https:\/\/adrianjamesnutrition.com\/de\/agb\/","url":"https:\/\/adrianjamesnutrition.com\/de\/agb\/","name":"Terms and Conditions - Adrian James Nutrition","isPartOf":{"@id":"https:\/\/adrianjamesnutrition.com\/de\/#website"},"datePublished":"2017-03-23T13:12:49+00:00","dateModified":"2019-09-09T12:17:00+00:00","breadcrumb":{"@id":"https:\/\/adrianjamesnutrition.com\/de\/agb\/#breadcrumb"},"inLanguage":"de","potentialAction":[{"@type":"ReadAction","target":["https:\/\/adrianjamesnutrition.com\/de\/agb\/"]}]},{"@type":"BreadcrumbList","@id":"https:\/\/adrianjamesnutrition.com\/de\/agb\/#breadcrumb","itemListElement":[{"@type":"ListItem","position":1,"name":"Home","item":"https:\/\/adrianjamesnutrition.com\/de\/"},{"@type":"ListItem","position":2,"name":"Terms and Conditions"}]},{"@type":"WebSite","@id":"https:\/\/adrianjamesnutrition.com\/de\/#website","url":"https:\/\/adrianjamesnutrition.com\/de\/","name":"Adrian James Nutrition","description":"","potentialAction":[{"@type":"SearchAction","target":{"@type":"EntryPoint","urlTemplate":"https:\/\/adrianjamesnutrition.com\/de\/?s={search_term_string}"},"query-input":"required name=search_term_string"}],"inLanguage":"de"}]}},"_links":{"self":[{"href":"https:\/\/adrianjamesnutrition.com\/de\/wp-json\/wp\/v2\/pages\/14800"}],"collection":[{"href":"https:\/\/adrianjamesnutrition.com\/de\/wp-json\/wp\/v2\/pages"}],"about":[{"href":"https:\/\/adrianjamesnutrition.com\/de\/wp-json\/wp\/v2\/types\/page"}],"author":[{"embeddable":true,"href":"https:\/\/adrianjamesnutrition.com\/de\/wp-json\/wp\/v2\/users\/3"}],"replies":[{"embeddable":true,"href":"https:\/\/adrianjamesnutrition.com\/de\/wp-json\/wp\/v2\/comments?post=14800"}],"version-history":[{"count":0,"href":"https:\/\/adrianjamesnutrition.com\/de\/wp-json\/wp\/v2\/pages\/14800\/revisions"}],"wp:attachment":[{"href":"https:\/\/adrianjamesnutrition.com\/de\/wp-json\/wp\/v2\/media?parent=14800"}],"curies":[{"name":"wp","href":"https:\/\/api.w.org\/{rel}","templated":true}]}}