{"id":13473,"date":"2016-08-29T15:12:30","date_gmt":"2016-08-29T15:12:30","guid":{"rendered":"http:\/\/adrianjamesnutrition.com\/de\/appsadrian-james-bootcamp\/"},"modified":"2024-11-10T15:34:26","modified_gmt":"2024-11-10T15:34:26","slug":"adrian-james-bootcamp","status":"publish","type":"page","link":"https:\/\/adrianjamesnutrition.com\/de\/apps\/adrian-james-bootcamp\/","title":{"rendered":"Adrian James Bootcamp"},"content":{"rendered":"<div class=\"wpb-content-wrapper\"><p>[vc_row][vc_column css=&#8220;.vc_custom_1481829397169{margin-right: 0px !important;margin-left: 0px !important;padding-right: 0px !important;padding-left: 0px !important;}&#8220;][rev_slider_vc alias=&#8220;strength-app-de&#8220;][\/vc_column][\/vc_row][vc_row css=&#8220;.vc_custom_1481916724445{padding-top: 45px !important;}&#8220; el_id=&#8220;apps&#8220;][vc_column]<div class=\"title-wrapper  basel-title-color-default basel-title-style-default basel-title-size-extra-large text-center \"><span class=\"title-subtitle font-default\">Mit Pr\u00e4zision entwickelt<\/span><div class=\"liner-continer\"> <span class=\"left-line\"><\/span> <h4 class=\"title\" >Adrian James Bootcamp<span class=\"title-separator\"><span><\/span><\/span><\/h4> <span class=\"right-line\"><\/span> <\/div><\/div>[vc_row_inner][vc_column_inner width=&#8220;1\/4&#8243;][\/vc_column_inner][vc_column_inner width=&#8220;1\/2&#8243;][vc_column_text css=&#8220;&#8220;]Adrian James Bootcamp wird als h\u00e4rtestes 15-Minuten Bootcamp des Planeten bezeichnet. Lade dir die Bestseller-App herunter, um kr\u00e4ftiger zu werden, Fett zu verbrennen und mehr Energie zu bekommen.<\/p>\n<p><img loading=\"lazy\" decoding=\"async\" class=\"aligncenter size-medium wp-image-15267\" src=\"https:\/\/adrianjamesnutrition.com\/wp-content\/uploads\/2016\/10\/AJ-BOOTCAMP-DE-EASY-750x422.jpg\" alt=\"\" width=\"750\" height=\"422\" srcset=\"https:\/\/adrianjamesnutrition.com\/wp-content\/uploads\/2016\/10\/AJ-BOOTCAMP-DE-EASY-750x422.jpg 750w, https:\/\/adrianjamesnutrition.com\/wp-content\/uploads\/2016\/10\/AJ-BOOTCAMP-DE-EASY-800x450.jpg 800w, https:\/\/adrianjamesnutrition.com\/wp-content\/uploads\/2016\/10\/AJ-BOOTCAMP-DE-EASY.jpg 1000w\" sizes=\"(max-width: 750px) 100vw, 750px\" \/><\/p>\n<p>Mit \u00fcber 100 000 Downloads, genutzt von Prominenten und Soldaten, ist Adrian James Bootcamp das ultimative Kraft- und Kardio-Workout. Trainiere jederzeit und \u00fcberall \u2013 du brauchst weder Equipment noch Internet.<\/p>\n<p><img loading=\"lazy\" decoding=\"async\" class=\"aligncenter size-medium wp-image-15263\" src=\"https:\/\/adrianjamesnutrition.com\/wp-content\/uploads\/2016\/10\/AJ-BOOTCAMP-DE-MEDIUM-750x422.jpg\" alt=\"\" width=\"750\" height=\"422\" srcset=\"https:\/\/adrianjamesnutrition.com\/wp-content\/uploads\/2016\/10\/AJ-BOOTCAMP-DE-MEDIUM-750x422.jpg 750w, https:\/\/adrianjamesnutrition.com\/wp-content\/uploads\/2016\/10\/AJ-BOOTCAMP-DE-MEDIUM-800x450.jpg 800w, https:\/\/adrianjamesnutrition.com\/wp-content\/uploads\/2016\/10\/AJ-BOOTCAMP-DE-MEDIUM.jpg 1000w\" sizes=\"(max-width: 750px) 100vw, 750px\" \/><\/p>\n<p>Als Nummer Eins in \u00fcber 10 L\u00e4ndern beinhaltet Adrian James Bootcamp klare Trainingsvideos mit einem leicht verst\u00e4ndlichem Workout-Modus und bietet so eine Herausforderung auf jedem Level. Motiviere dich mit der 8-Week Challenge und verdiene Punkte f\u00fcr jedes Workout, dass du abschlie\u00dft.<\/p>\n<p><img loading=\"lazy\" decoding=\"async\" class=\"aligncenter size-medium wp-image-15265\" src=\"https:\/\/adrianjamesnutrition.com\/wp-content\/uploads\/2016\/10\/AJ-BOOTCAMP-DE-HARD-750x422.jpg\" alt=\"\" width=\"750\" height=\"422\" srcset=\"https:\/\/adrianjamesnutrition.com\/wp-content\/uploads\/2016\/10\/AJ-BOOTCAMP-DE-HARD-750x422.jpg 750w, https:\/\/adrianjamesnutrition.com\/wp-content\/uploads\/2016\/10\/AJ-BOOTCAMP-DE-HARD-800x450.jpg 800w, https:\/\/adrianjamesnutrition.com\/wp-content\/uploads\/2016\/10\/AJ-BOOTCAMP-DE-HARD.jpg 1000w\" sizes=\"(max-width: 750px) 100vw, 750px\" \/><\/p>\n<p>Wo w\u00fcrdest du gerne heute in 8 Wochen sein? Wenn die Antwort darauf ist \u201cIn der Form meines Lebens\u201d, dann lade dir die App herunter und fange noch heute an. Es ist dein K\u00f6rper. \u00dcbernimm die Kontrolle.<\/p>\n<h6 style=\"text-align: center;\"><span style=\"color: #808080;\"><del>9,99 \u20ac<\/del> <\/span><span style=\"color: #808080;\"><span style=\"color: #d10e0d;\">4,99 \u20ac<\/span><\/span><\/h6>\n<p>[\/vc_column_text][vc_column_text]<\/p>\n<div class=\"applinks\" style=\"text-align: center;\"><a href=\"https:\/\/apps.apple.com\/de\/app\/adrian-james-bootcamp\/id586984551\" target=\"_blank\" rel=\"noopener noreferrer\"><img decoding=\"async\" class=\"alignnone\" src=\"https:\/\/adrianjamesnutrition.com\/wp-content\/uploads\/2016\/10\/ios-de.png\" alt=\"appstore\" width=\"110\" \/><\/a><a href=\"https:\/\/play.google.com\/store\/apps\/details?id=com.adrianjamesnutrition.bootcampde\" target=\"_blank\" rel=\"noopener noreferrer\"><img loading=\"lazy\" decoding=\"async\" class=\"alignnone\" src=\"https:\/\/adrianjamesnutrition.com\/wp-content\/uploads\/2016\/10\/google-de.png\" alt=\"\" width=\"110\" height=\"80\" \/><\/a><\/div>\n<p>[\/vc_column_text][\/vc_column_inner][vc_column_inner width=&#8220;1\/4&#8243;][\/vc_column_inner][\/vc_row_inner][\/vc_column][\/vc_row]<\/p>\n<\/div>","protected":false},"excerpt":{"rendered":"<p>[vc_row][vc_column css=&#8220;.vc_custom_1481829397169{margin-right: 0px !important;margin-left: 0px !important;padding-right: 0px !important;padding-left: 0px !important;}&#8220;][rev_slider_vc alias=&#8220;strength-app-de&#8220;][\/vc_column][\/vc_row][vc_row css=&#8220;.vc_custom_1481916724445{padding-top: 45px !important;}&#8220; el_id=&#8220;apps&#8220;][vc_column][vc_row_inner][vc_column_inner width=&#8220;1\/4&#8243;][\/vc_column_inner][vc_column_inner width=&#8220;1\/2&#8243;][vc_column_text css=&#8220;&#8220;]Adrian James Bootcamp<\/p>\n","protected":false},"author":3,"featured_media":18036,"parent":12898,"menu_order":0,"comment_status":"closed","ping_status":"closed","template":"","meta":{"footnotes":""},"class_list":["post-13473","page","type-page","status-publish","has-post-thumbnail","hentry"],"yoast_head":"<!-- This site is optimized with the Yoast SEO plugin v23.0 - https:\/\/yoast.com\/wordpress\/plugins\/seo\/ -->\n<title>Adrian James Bootcamp<\/title>\n<meta name=\"description\" content=\"Erh\u00f6he deine Kraft und Fitness mit Adrian James Bootcamp app.\" \/>\n<meta name=\"robots\" content=\"index, follow, max-snippet:-1, max-image-preview:large, max-video-preview:-1\" \/>\n<link rel=\"canonical\" href=\"https:\/\/adrianjamesnutrition.com\/de\/apps\/adrian-james-bootcamp\/\" \/>\n<meta property=\"og:locale\" content=\"de_DE\" \/>\n<meta property=\"og:type\" content=\"article\" \/>\n<meta property=\"og:title\" content=\"Adrian James Bootcamp\" \/>\n<meta property=\"og:description\" content=\"Erh\u00f6he deine Kraft und Fitness mit Adrian James Bootcamp app.\" \/>\n<meta property=\"og:url\" content=\"https:\/\/adrianjamesnutrition.com\/de\/apps\/adrian-james-bootcamp\/\" \/>\n<meta property=\"og:site_name\" content=\"Adrian James Nutrition\" \/>\n<meta property=\"article:modified_time\" content=\"2024-11-10T15:34:26+00:00\" \/>\n<meta property=\"og:image\" content=\"https:\/\/adrianjamesnutrition.com\/wp-content\/uploads\/2016\/10\/BOOT_DE_perspective-app-mockup-vol-810x4500px.jpg\" \/>\n<meta name=\"twitter:card\" content=\"summary_large_image\" \/>\n<meta name=\"twitter:image\" content=\"https:\/\/adrianjamesnutrition.com\/wp-content\/uploads\/2016\/10\/BOOT_DE_perspective-app-mockup-vol-1-1000x500px.jpg\" \/>\n<meta name=\"twitter:label1\" content=\"Gesch\u00e4tzte Lesezeit\" \/>\n\t<meta name=\"twitter:data1\" content=\"2\u00a0Minuten\" \/>\n<script type=\"application\/ld+json\" class=\"yoast-schema-graph\">{\"@context\":\"https:\/\/schema.org\",\"@graph\":[{\"@type\":\"WebPage\",\"@id\":\"https:\/\/adrianjamesnutrition.com\/de\/apps\/adrian-james-bootcamp\/\",\"url\":\"https:\/\/adrianjamesnutrition.com\/de\/apps\/adrian-james-bootcamp\/\",\"name\":\"Adrian James Bootcamp\",\"isPartOf\":{\"@id\":\"https:\/\/adrianjamesnutrition.com\/de\/#website\"},\"primaryImageOfPage\":{\"@id\":\"https:\/\/adrianjamesnutrition.com\/de\/apps\/adrian-james-bootcamp\/#primaryimage\"},\"image\":{\"@id\":\"https:\/\/adrianjamesnutrition.com\/de\/apps\/adrian-james-bootcamp\/#primaryimage\"},\"thumbnailUrl\":\"https:\/\/adrianjamesnutrition.com\/wp-content\/uploads\/2016\/10\/Adrian-James-Bootcamp-DE-Health-Fitness-App.jpg\",\"datePublished\":\"2016-08-29T15:12:30+00:00\",\"dateModified\":\"2024-11-10T15:34:26+00:00\",\"description\":\"Erh\u00f6he deine Kraft und Fitness mit Adrian James Bootcamp app.\",\"breadcrumb\":{\"@id\":\"https:\/\/adrianjamesnutrition.com\/de\/apps\/adrian-james-bootcamp\/#breadcrumb\"},\"inLanguage\":\"de\",\"potentialAction\":[{\"@type\":\"ReadAction\",\"target\":[\"https:\/\/adrianjamesnutrition.com\/de\/apps\/adrian-james-bootcamp\/\"]}]},{\"@type\":\"ImageObject\",\"inLanguage\":\"de\",\"@id\":\"https:\/\/adrianjamesnutrition.com\/de\/apps\/adrian-james-bootcamp\/#primaryimage\",\"url\":\"https:\/\/adrianjamesnutrition.com\/wp-content\/uploads\/2016\/10\/Adrian-James-Bootcamp-DE-Health-Fitness-App.jpg\",\"contentUrl\":\"https:\/\/adrianjamesnutrition.com\/wp-content\/uploads\/2016\/10\/Adrian-James-Bootcamp-DE-Health-Fitness-App.jpg\",\"width\":1000,\"height\":657},{\"@type\":\"BreadcrumbList\",\"@id\":\"https:\/\/adrianjamesnutrition.com\/de\/apps\/adrian-james-bootcamp\/#breadcrumb\",\"itemListElement\":[{\"@type\":\"ListItem\",\"position\":1,\"name\":\"Home\",\"item\":\"https:\/\/adrianjamesnutrition.com\/de\/\"},{\"@type\":\"ListItem\",\"position\":2,\"name\":\"Apps\",\"item\":\"https:\/\/adrianjamesnutrition.com\/de\/apps\/\"},{\"@type\":\"ListItem\",\"position\":3,\"name\":\"Adrian James Bootcamp\"}]},{\"@type\":\"WebSite\",\"@id\":\"https:\/\/adrianjamesnutrition.com\/de\/#website\",\"url\":\"https:\/\/adrianjamesnutrition.com\/de\/\",\"name\":\"Adrian James Nutrition\",\"description\":\"\",\"potentialAction\":[{\"@type\":\"SearchAction\",\"target\":{\"@type\":\"EntryPoint\",\"urlTemplate\":\"https:\/\/adrianjamesnutrition.com\/de\/?s={search_term_string}\"},\"query-input\":\"required name=search_term_string\"}],\"inLanguage\":\"de\"}]}<\/script>\n<!-- \/ Yoast SEO plugin. -->","yoast_head_json":{"title":"Adrian James Bootcamp","description":"Erh\u00f6he deine Kraft und Fitness mit Adrian James Bootcamp app.","robots":{"index":"index","follow":"follow","max-snippet":"max-snippet:-1","max-image-preview":"max-image-preview:large","max-video-preview":"max-video-preview:-1"},"canonical":"https:\/\/adrianjamesnutrition.com\/de\/apps\/adrian-james-bootcamp\/","og_locale":"de_DE","og_type":"article","og_title":"Adrian James Bootcamp","og_description":"Erh\u00f6he deine Kraft und Fitness mit Adrian James Bootcamp app.","og_url":"https:\/\/adrianjamesnutrition.com\/de\/apps\/adrian-james-bootcamp\/","og_site_name":"Adrian James Nutrition","article_modified_time":"2024-11-10T15:34:26+00:00","og_image":[{"url":"https:\/\/adrianjamesnutrition.com\/wp-content\/uploads\/2016\/10\/BOOT_DE_perspective-app-mockup-vol-810x4500px.jpg"}],"twitter_card":"summary_large_image","twitter_image":"https:\/\/adrianjamesnutrition.com\/wp-content\/uploads\/2016\/10\/BOOT_DE_perspective-app-mockup-vol-1-1000x500px.jpg","twitter_misc":{"Gesch\u00e4tzte Lesezeit":"2\u00a0Minuten"},"schema":{"@context":"https:\/\/schema.org","@graph":[{"@type":"WebPage","@id":"https:\/\/adrianjamesnutrition.com\/de\/apps\/adrian-james-bootcamp\/","url":"https:\/\/adrianjamesnutrition.com\/de\/apps\/adrian-james-bootcamp\/","name":"Adrian James Bootcamp","isPartOf":{"@id":"https:\/\/adrianjamesnutrition.com\/de\/#website"},"primaryImageOfPage":{"@id":"https:\/\/adrianjamesnutrition.com\/de\/apps\/adrian-james-bootcamp\/#primaryimage"},"image":{"@id":"https:\/\/adrianjamesnutrition.com\/de\/apps\/adrian-james-bootcamp\/#primaryimage"},"thumbnailUrl":"https:\/\/adrianjamesnutrition.com\/wp-content\/uploads\/2016\/10\/Adrian-James-Bootcamp-DE-Health-Fitness-App.jpg","datePublished":"2016-08-29T15:12:30+00:00","dateModified":"2024-11-10T15:34:26+00:00","description":"Erh\u00f6he deine Kraft und Fitness mit Adrian James Bootcamp app.","breadcrumb":{"@id":"https:\/\/adrianjamesnutrition.com\/de\/apps\/adrian-james-bootcamp\/#breadcrumb"},"inLanguage":"de","potentialAction":[{"@type":"ReadAction","target":["https:\/\/adrianjamesnutrition.com\/de\/apps\/adrian-james-bootcamp\/"]}]},{"@type":"ImageObject","inLanguage":"de","@id":"https:\/\/adrianjamesnutrition.com\/de\/apps\/adrian-james-bootcamp\/#primaryimage","url":"https:\/\/adrianjamesnutrition.com\/wp-content\/uploads\/2016\/10\/Adrian-James-Bootcamp-DE-Health-Fitness-App.jpg","contentUrl":"https:\/\/adrianjamesnutrition.com\/wp-content\/uploads\/2016\/10\/Adrian-James-Bootcamp-DE-Health-Fitness-App.jpg","width":1000,"height":657},{"@type":"BreadcrumbList","@id":"https:\/\/adrianjamesnutrition.com\/de\/apps\/adrian-james-bootcamp\/#breadcrumb","itemListElement":[{"@type":"ListItem","position":1,"name":"Home","item":"https:\/\/adrianjamesnutrition.com\/de\/"},{"@type":"ListItem","position":2,"name":"Apps","item":"https:\/\/adrianjamesnutrition.com\/de\/apps\/"},{"@type":"ListItem","position":3,"name":"Adrian James Bootcamp"}]},{"@type":"WebSite","@id":"https:\/\/adrianjamesnutrition.com\/de\/#website","url":"https:\/\/adrianjamesnutrition.com\/de\/","name":"Adrian James Nutrition","description":"","potentialAction":[{"@type":"SearchAction","target":{"@type":"EntryPoint","urlTemplate":"https:\/\/adrianjamesnutrition.com\/de\/?s={search_term_string}"},"query-input":"required name=search_term_string"}],"inLanguage":"de"}]}},"_links":{"self":[{"href":"https:\/\/adrianjamesnutrition.com\/de\/wp-json\/wp\/v2\/pages\/13473"}],"collection":[{"href":"https:\/\/adrianjamesnutrition.com\/de\/wp-json\/wp\/v2\/pages"}],"about":[{"href":"https:\/\/adrianjamesnutrition.com\/de\/wp-json\/wp\/v2\/types\/page"}],"author":[{"embeddable":true,"href":"https:\/\/adrianjamesnutrition.com\/de\/wp-json\/wp\/v2\/users\/3"}],"replies":[{"embeddable":true,"href":"https:\/\/adrianjamesnutrition.com\/de\/wp-json\/wp\/v2\/comments?post=13473"}],"version-history":[{"count":3,"href":"https:\/\/adrianjamesnutrition.com\/de\/wp-json\/wp\/v2\/pages\/13473\/revisions"}],"predecessor-version":[{"id":20950,"href":"https:\/\/adrianjamesnutrition.com\/de\/wp-json\/wp\/v2\/pages\/13473\/revisions\/20950"}],"up":[{"embeddable":true,"href":"https:\/\/adrianjamesnutrition.com\/de\/wp-json\/wp\/v2\/pages\/12898"}],"wp:featuredmedia":[{"embeddable":true,"href":"https:\/\/adrianjamesnutrition.com\/de\/wp-json\/wp\/v2\/media\/18036"}],"wp:attachment":[{"href":"https:\/\/adrianjamesnutrition.com\/de\/wp-json\/wp\/v2\/media?parent=13473"}],"curies":[{"name":"wp","href":"https:\/\/api.w.org\/{rel}","templated":true}]}}