{"id":11911,"date":"2015-11-25T17:12:53","date_gmt":"2015-11-25T17:12:53","guid":{"rendered":"http:\/\/adrianjamesnutrition.com\/de\/privacy-policy\/"},"modified":"2019-09-09T13:17:59","modified_gmt":"2019-09-09T13:17:59","slug":"datenschutz","status":"publish","type":"page","link":"https:\/\/adrianjamesnutrition.com\/de\/datenschutz\/","title":{"rendered":"Datenschutz"},"content":{"rendered":"<p style=\"text-align: justify;\">Diese Datenschutzrichtlinie gilt f\u00fcr die Webseite adrianjamesnutrition.de im Auftrag von Adrian James Nutrition Limited und bestimmt den Datenschutz der Benutzer, die diese Seite benutzen.<\/p>\n<p style=\"text-align: justify;\">Die Richtlinie zeigt verschiedene Bereiche die den Datenschutz der Benutzer betreffen und beschreibt die Verpflichtungen und Anforderungen der Benutzer, der Webseite und deren Betreiber. Dar\u00fcber hinaus wird die Art und Weise in der Benutzerdaten und -Informationen von dieser Webseite verarbeitet, gespeichert und gesch\u00fctzt werden in dieser Richtlinie erfasst.<\/p>\n<h3 style=\"text-align: justify;\">Die Webseite<\/h3>\n<p style=\"text-align: justify;\">Diese Webseite und ihre Betreiber verfolgen einen aktiven Ansatz im Bezug auf die Privatsph\u00e4re der Benutzer und stellen die notwendigen Schritte sicher, die n\u00f6tig sind die Privatsph\u00e4re der Benutzer w\u00e4hrend ihres Besuches der Webseite zu gew\u00e4hrleisten. Diese Webseite erf\u00fcllt alle im Vereinigten K\u00f6nigreich geltenden Gesetze und Anforderungen bzgl.. des Datenschutzes der Benutzer.<\/p>\n<h3 style=\"text-align: justify;\">Verwendung von Cookies<\/h3>\n<p style=\"text-align: justify;\">Diese Webseite verwendet Cookies um das Benutzererlebnis w\u00e4hrend des Besuchs der Webseite zu verbessern. Cookies sind kleine Dateien die auf der Festplatte des Benutzers gespeichert werden und die Informationen \u00fcber die Interaktion und Benutzung der Webseite durch den Benutzer verfolgen, speichern und aufbewahren k\u00f6nnen. Dies erlaubt es der Webseite, durch ihren Server, dem Benutzer eine auf ihn zugeschnittene Erfahrung bereitzustellen.<\/p>\n<p style=\"text-align: justify;\">Die Benutzer werden darauf hingewiesen, sollten sie die Benutzung und Speicherung von Cookies durch diese Webseite auf ihrer Festplatte nicht zustimmen, so k\u00f6nnen sie alle Cookies dieser Webseite und ihrer Vermittler durch die entsprechenden Schritte im Sicherheitseinstellungsbereich ihres Webbrowsers sperren.<\/p>\n<p style=\"text-align: justify;\">Diese Webseite benutzt Software zum Verfolgen des Surfverhaltens der Benutzer um besser zu verstehen wie diese die Webseite nutzen. Diese Software wird von Google Analytics bereitgestellt, welche Cookies benutzt um die Benutzung durch die Besucher zu verfolgen. Die Software speichert einen Cookie auf der Festplatte Ihres Computers um die Benutzung der Webseite zu verfolgen und zu beobachten, wird aber keine pers\u00f6nlichen Informationen speichern oder sammeln. Sie k\u00f6nnen Googles Richtlinie zur Privatsph\u00e4re zur weiteren Information hier einsehen: google.com\/privacy.html.<\/p>\n<p style=\"text-align: justify;\">Weitere Cookies k\u00f6nnen durch Vermittler auf der Festplatte Ihres Computers abgelegt werden wenn diese Webseite Programme zur Weiterleitung, Sponsorenlinks oder Werbung benutzt. Solche Cookies werden zum Verfolgen von Vereinbarungen und Verweisen benutzt und laufen normalerweise nach 30 Tagen ab, obwohl manche l\u00e4nger brauchen k\u00f6nnen. Keine pers\u00f6nlichen Daten werden gespeichert, gelagert oder gesammelt.<\/p>\n<h3 style=\"text-align: justify;\">Kontakt und Kommunikation<\/h3>\n<p style=\"text-align: justify;\">Benutzer, die diese Webseite und\/oder deren Betreiber kontaktieren tun dies nach eigenem Ermessen und stellen jegliche Pers\u00f6nlichkeitsdetails die daf\u00fcr verlangt werden unter ihrer eigenen Verantwortung bereit. Ihre pers\u00f6nlichen Informationen werden einbehalten und sicher gespeichert bis sie nicht mehr ben\u00f6tigt werden oder keinen weiteren Nutzen im Sinne des Data Protection Act 1998. Jede Anstrengung wurde unternommen um eine sichere Form der Email\u00fcbertragung zu gew\u00e4hrleisten, aber Benutzer werden darauf hingewiesen, dass sie diese Form in eigener Verantwortung benutzen.<\/p>\n<p style=\"text-align: justify;\">Die Webseite und ihre Betreiber benutzen alle bereitgestellten Informationen um Ihnen weitere Informationen \u00fcber angebotene Produkte und Leistungen zukommen zu lassen oder um Sie dabei zu unterst\u00fctzen von Ihnen eingereichte Anfragen zu beantworten. Dies beinhaltet die Benutzung der Daten um Sie einem Email-Newsletter hinzuzuf\u00fcgen, den diese Webseite anbietet, aber nur unter der Voraussetzung, dass Ihnen dies vorher klargemacht wurde und Sie dem beim erstellen der Anfrage ausdr\u00fccklich zugestimmt haben, oder Sie, der Konsument, haben vorher ein Produkt oder eine Dienstleistung des Unternehmens, auf die sich der Email-Newsletter bezieht, erworben oder eine Anfrage dar\u00fcber gestellt. Dies ist keine vollst\u00e4ndige Liste Ihrer Rechte als Nutzer bzgl.. dem Erhalt von Email Marketingmaterial. Ihre Daten werden nicht an Dritte weitergegeben.<\/p>\n<h3 style=\"text-align: justify;\">Email Newsletter<\/h3>\n<p style=\"text-align: justify;\">Diese Webseite betreibt einen Email-Newsletter um die Abonnenten \u00fcber Produkte und Dienstleistungen, die diese Webseite bereitstellt, zu informieren. Die Benutzer k\u00f6nnen sich durch ein automatisiertes Onlineformular f\u00fcr den Newsletter anmelden, wenn sie dies wollen, tun dies aber auf eigene Verantwortung. Einige Abonnements k\u00f6nnen u.U. nach schriftlicher Vereinbarung mit dem Benutzer manuell verarbeitet werden.<\/p>\n<p style=\"text-align: justify;\">Abonnements werden angenommen in \u00dcbereinstimmung mit dem UK Spam Gesetz wie aufgef\u00fchrt in den Privacy and Electronic Communications Regulations 2003. Alle Daten, die das Abonnement betreffen, werden sicher verwahrt und in \u00dcbereinstimmung mit dem Data Protection Act 1998. Keine pers\u00f6nlichen Daten werden an Dritte weitergegeben oder mit Unternehmen \/ Personen geteilt au\u00dferhalb des Unternehmens, welches diese Webseite betreibt. Laut dem Data Protection Act 1998 k\u00f6nnen sie eine Kopie ihrer pers\u00f6nlichen Daten, die das Newsletter-Programm dieser Webseite verwahrt, anfordern. Dabei wird eine kleine Geb\u00fchr f\u00e4llig. Sollten Sie eine Kopie der Information die wir \u00fcber Sie halten w\u00fcnschen, schreiben Sie bitte an die Unternehmensadresse am Ende dieser Richtlinie.<\/p>\n<p style=\"text-align: justify;\">Email Marketingkampagnen die von dieser Webseite oder deren Betreibern ver\u00f6ffentlicht werden beinhalten Tracking Facilites in den Emails. Abonnentenaktivit\u00e4ten werden verfolgt und in Datenbanken gespeichert f\u00fcr zuk\u00fcnftige Analyse und Evaluation. Die verfolgten Aktivit\u00e4ten k\u00f6nnen beinhalten: das \u00d6ffnen von Emails, Weiterleiten von Emails, anklicken von Links innerhalb der Email, Zeit, Datum und H\u00e4ufigkeit der Aktivit\u00e4t (diese Liste erhebt nicht den Anspruch der Vollst\u00e4ndigkeit).<\/p>\n<p style=\"text-align: justify;\">Diese Informationen werden benutzt um zuk\u00fcnftige Emailkampagnen zu verbessern und um den Nutzer mit relevanteren Inhalten, basierend auf ihren Aktivit\u00e4ten, zu versorgen.<\/p>\n<p style=\"text-align: justify;\">In \u00dcbereinstimmung mit UK Spam Gesetzen und der Privacy and Electronic Communications Regulations 2003 haben die Abonnenten die M\u00f6glichkeit das Abonnement jederzeit durch ein automatisiertes System zu k\u00fcndigen. Die notwendigen Schritte werden am Fu\u00df jeder Emailkampagne beschrieben. Sollte eine automatische K\u00fcndigung nicht m\u00f6glich sein werden stattdessen detaillierte Informationen zur K\u00fcndigung bereitgestellt.<\/p>\n<h3 style=\"text-align: justify;\">Externe Links<\/h3>\n<p style=\"text-align: justify;\">Obwohl diese Webseite versucht nur qualitative, sichere und relevante externe Links einzuf\u00fcgen, wird den Nutzern empfohlen eine vorsichtige Strategie zu verfolgen bevor sie auf einen externen Link klicken, der auf dieser Webseite genannt wird. (Externe Links sind anklickbare Text-, Banner-, Bilderlinks zu anderen Webseiten.)<\/p>\n<p>Die Benutzer dieser Webseite k\u00f6nnen trotz gr\u00f6\u00dftm\u00f6glicher Anstrengung nicht den Inhalt jeglicher Webseiten die hier verlinkt werden garantieren oder sicherstellen. Die Nutzer sollten daher zur Kenntnis nehmen, dass Sie auf jeden externen Link auf ihre eigene Gefahr hin anklicken und, dass diese Webseite oder ihre Betreiber in keiner Weise f\u00fcr Sch\u00e4den, die durch das besuchen hier genannter externer Links verursacht werden, haften.<\/p>\n<h3 style=\"text-align: justify;\">Werbung und Sponsorenlinks<\/h3>\n<p>Diese Webseite kann Sponsorenlinks und Werbung beinhalten. Diese werden \u00fcblicherweise von unseren Werbepartnern bereitgestellt, die detaillierte Datenschutzrichtlinien haben, die sich auf die von ihnen angebotene Dienste beziehen.<\/p>\n<p>Das Klicken auf derartige Werbung wird Sie an die beworbene Webseite weiterleiten, die Cookies verwenden k\u00f6nnen und die die Anzahl der Weiterleitungen von dieser Webseite protokollieren. Dies kann Cookies beinhalten die auf der Festplatte Ihres Computers gespeichert werden. Nutzer sollten daher Kenntnisnehmen von der Tatsache, dass sie auf jeden gesponserten externen Link auf ihre eigene Gefahr hin klicken und das diese Webseite oder ihre Betreiber auf keine Weise f\u00fcr Sch\u00e4den, die durch den Besuch der externen links verursacht werden, haften.<\/p>\n<h3 style=\"text-align: justify;\">Social Media<\/h3>\n<p>Jegliche Kommunikation, Aktion oder Engagement in einem externen Sozialen Medium bei dem diese Webseite oder ihre Benutzer partizipieren unterliegen den Allgemeinen Gesch\u00e4ftsbedingungen und Datenschutzrichtlinien der jeweiligen Social Media Platform.<\/p>\n<p>Benutzer sind angehalten die Social Media Platformen gewissenhaft zu benutzen und jede Kommunikation und Engagement \u00fcber diese mit Vorsicht bez\u00fcglich ihrer pers\u00f6nlichen Daten zu vollziehen. Weder diese Webseite noch deren Betreiber werden jemals nach pers\u00f6nlichen oder sensiblen Informationen \u00fcber Soziale Netzwerke fragen und regen die Nutzer, die sensible Sachverhalte Diskutieren wollen, an sie durch prim\u00e4re Kommunikationskan\u00e4le wie Telefon oder Email zu kontaktieren.<\/p>\n<p>Diese Webseite kann Button f\u00fcr Soziale Netzwerke benutzen, die dabei helfen Webinhalte dieser Webseite auf dem jeweiligen Sozialen Netzwerk zu teilen. Benutzer sollten Kenntnisnehmen von der Tatsache, dass sie diese Buttons auf ihre eigene Gefahr hin benutzen und dass das jeweilige Soziale Netzwerk ihre Anfrage durch ihren Social Media Account verfolgen und speichern kann.<\/p>\n<h3 style=\"text-align: justify;\">Kurzlinks in Social Media<\/h3>\n<p>Diese Webseite und seine Betreiber k\u00f6nnen Weblinks zu relevanten Webseiten \u00fcber ihren Social Media Account teilen. Einige Soziale Netzwerke k\u00fcrzen standardm\u00e4\u00dfig lange URLs (Webadressen), wie z.B. http:\/\/bit.ly\/Nw3BPV.<\/p>\n<p>Benutzer sind angehalten Vorsicht und guten Menschenverstand walten zu lassen bevor sie auf einen Link einer gek\u00fcrzten URL auf Sozialen Netzwerken klicken die von dieser Webseite oder deren Betreibern darauf geteilt wurden. Trotz gr\u00f6\u00dfter Bem\u00fchungen die Integrit\u00e4t der ver\u00f6ffentlichten URLs sicherzustellen sind viele Sozialen Netzwerke anf\u00e4llig f\u00fcr Spam und Hackingangriffe und diese Webseite oder deren Betreiber \u00fcbernehmen daher keine Haftung f\u00fcr Sch\u00e4den die durch den Besuch von gek\u00fcrzten Links entstehen.<\/p>\n<p>Adrian James Nutrition Ltd,\u00a031 Dashwood Avenue, High Wycombe, England, HP12 3DZ.<\/p>\n","protected":false},"excerpt":{"rendered":"<p>Diese Datenschutzrichtlinie gilt f\u00fcr die Webseite adrianjamesnutrition.de im Auftrag von Adrian James Nutrition Limited und bestimmt den Datenschutz der Benutzer,<\/p>\n","protected":false},"author":3,"featured_media":0,"parent":0,"menu_order":0,"comment_status":"closed","ping_status":"closed","template":"","meta":{"footnotes":""},"class_list":["post-11911","page","type-page","status-publish","hentry"],"yoast_head":"<!-- This site is optimized with the Yoast SEO plugin v23.0 - https:\/\/yoast.com\/wordpress\/plugins\/seo\/ -->\n<title>Datenschutz - Adrian James Nutrition<\/title>\n<meta name=\"robots\" content=\"index, follow, max-snippet:-1, max-image-preview:large, max-video-preview:-1\" \/>\n<link rel=\"canonical\" href=\"https:\/\/adrianjamesnutrition.com\/de\/datenschutz\/\" \/>\n<meta property=\"og:locale\" content=\"de_DE\" \/>\n<meta property=\"og:type\" content=\"article\" \/>\n<meta property=\"og:title\" content=\"Datenschutz - Adrian James Nutrition\" \/>\n<meta property=\"og:description\" content=\"Diese Datenschutzrichtlinie gilt f\u00fcr die Webseite adrianjamesnutrition.de im Auftrag von Adrian James Nutrition Limited und bestimmt den Datenschutz der Benutzer,\" \/>\n<meta property=\"og:url\" content=\"https:\/\/adrianjamesnutrition.com\/de\/datenschutz\/\" \/>\n<meta property=\"og:site_name\" content=\"Adrian James Nutrition\" \/>\n<meta property=\"article:modified_time\" content=\"2019-09-09T13:17:59+00:00\" \/>\n<meta name=\"twitter:card\" content=\"summary_large_image\" \/>\n<meta name=\"twitter:label1\" content=\"Gesch\u00e4tzte Lesezeit\" \/>\n\t<meta name=\"twitter:data1\" content=\"7\u00a0Minuten\" \/>\n<script type=\"application\/ld+json\" class=\"yoast-schema-graph\">{\"@context\":\"https:\/\/schema.org\",\"@graph\":[{\"@type\":\"WebPage\",\"@id\":\"https:\/\/adrianjamesnutrition.com\/de\/datenschutz\/\",\"url\":\"https:\/\/adrianjamesnutrition.com\/de\/datenschutz\/\",\"name\":\"Datenschutz - Adrian James Nutrition\",\"isPartOf\":{\"@id\":\"https:\/\/adrianjamesnutrition.com\/de\/#website\"},\"datePublished\":\"2015-11-25T17:12:53+00:00\",\"dateModified\":\"2019-09-09T13:17:59+00:00\",\"breadcrumb\":{\"@id\":\"https:\/\/adrianjamesnutrition.com\/de\/datenschutz\/#breadcrumb\"},\"inLanguage\":\"de\",\"potentialAction\":[{\"@type\":\"ReadAction\",\"target\":[\"https:\/\/adrianjamesnutrition.com\/de\/datenschutz\/\"]}]},{\"@type\":\"BreadcrumbList\",\"@id\":\"https:\/\/adrianjamesnutrition.com\/de\/datenschutz\/#breadcrumb\",\"itemListElement\":[{\"@type\":\"ListItem\",\"position\":1,\"name\":\"Home\",\"item\":\"https:\/\/adrianjamesnutrition.com\/de\/\"},{\"@type\":\"ListItem\",\"position\":2,\"name\":\"Datenschutz\"}]},{\"@type\":\"WebSite\",\"@id\":\"https:\/\/adrianjamesnutrition.com\/de\/#website\",\"url\":\"https:\/\/adrianjamesnutrition.com\/de\/\",\"name\":\"Adrian James Nutrition\",\"description\":\"\",\"potentialAction\":[{\"@type\":\"SearchAction\",\"target\":{\"@type\":\"EntryPoint\",\"urlTemplate\":\"https:\/\/adrianjamesnutrition.com\/de\/?s={search_term_string}\"},\"query-input\":\"required name=search_term_string\"}],\"inLanguage\":\"de\"}]}<\/script>\n<!-- \/ Yoast SEO plugin. -->","yoast_head_json":{"title":"Datenschutz - Adrian James Nutrition","robots":{"index":"index","follow":"follow","max-snippet":"max-snippet:-1","max-image-preview":"max-image-preview:large","max-video-preview":"max-video-preview:-1"},"canonical":"https:\/\/adrianjamesnutrition.com\/de\/datenschutz\/","og_locale":"de_DE","og_type":"article","og_title":"Datenschutz - Adrian James Nutrition","og_description":"Diese Datenschutzrichtlinie gilt f\u00fcr die Webseite adrianjamesnutrition.de im Auftrag von Adrian James Nutrition Limited und bestimmt den Datenschutz der Benutzer,","og_url":"https:\/\/adrianjamesnutrition.com\/de\/datenschutz\/","og_site_name":"Adrian James Nutrition","article_modified_time":"2019-09-09T13:17:59+00:00","twitter_card":"summary_large_image","twitter_misc":{"Gesch\u00e4tzte Lesezeit":"7\u00a0Minuten"},"schema":{"@context":"https:\/\/schema.org","@graph":[{"@type":"WebPage","@id":"https:\/\/adrianjamesnutrition.com\/de\/datenschutz\/","url":"https:\/\/adrianjamesnutrition.com\/de\/datenschutz\/","name":"Datenschutz - Adrian James Nutrition","isPartOf":{"@id":"https:\/\/adrianjamesnutrition.com\/de\/#website"},"datePublished":"2015-11-25T17:12:53+00:00","dateModified":"2019-09-09T13:17:59+00:00","breadcrumb":{"@id":"https:\/\/adrianjamesnutrition.com\/de\/datenschutz\/#breadcrumb"},"inLanguage":"de","potentialAction":[{"@type":"ReadAction","target":["https:\/\/adrianjamesnutrition.com\/de\/datenschutz\/"]}]},{"@type":"BreadcrumbList","@id":"https:\/\/adrianjamesnutrition.com\/de\/datenschutz\/#breadcrumb","itemListElement":[{"@type":"ListItem","position":1,"name":"Home","item":"https:\/\/adrianjamesnutrition.com\/de\/"},{"@type":"ListItem","position":2,"name":"Datenschutz"}]},{"@type":"WebSite","@id":"https:\/\/adrianjamesnutrition.com\/de\/#website","url":"https:\/\/adrianjamesnutrition.com\/de\/","name":"Adrian James Nutrition","description":"","potentialAction":[{"@type":"SearchAction","target":{"@type":"EntryPoint","urlTemplate":"https:\/\/adrianjamesnutrition.com\/de\/?s={search_term_string}"},"query-input":"required name=search_term_string"}],"inLanguage":"de"}]}},"_links":{"self":[{"href":"https:\/\/adrianjamesnutrition.com\/de\/wp-json\/wp\/v2\/pages\/11911"}],"collection":[{"href":"https:\/\/adrianjamesnutrition.com\/de\/wp-json\/wp\/v2\/pages"}],"about":[{"href":"https:\/\/adrianjamesnutrition.com\/de\/wp-json\/wp\/v2\/types\/page"}],"author":[{"embeddable":true,"href":"https:\/\/adrianjamesnutrition.com\/de\/wp-json\/wp\/v2\/users\/3"}],"replies":[{"embeddable":true,"href":"https:\/\/adrianjamesnutrition.com\/de\/wp-json\/wp\/v2\/comments?post=11911"}],"version-history":[{"count":0,"href":"https:\/\/adrianjamesnutrition.com\/de\/wp-json\/wp\/v2\/pages\/11911\/revisions"}],"wp:attachment":[{"href":"https:\/\/adrianjamesnutrition.com\/de\/wp-json\/wp\/v2\/media?parent=11911"}],"curies":[{"name":"wp","href":"https:\/\/api.w.org\/{rel}","templated":true}]}}